{"id":605,"date":"2023-03-24T10:35:29","date_gmt":"2023-03-24T10:35:29","guid":{"rendered":"https:\/quienes-somos\/"},"modified":"2023-06-02T17:00:19","modified_gmt":"2023-06-02T17:00:19","slug":"quienes-somos","status":"publish","type":"page","link":"https:\/\/ksourvoyages.com\/es\/quienes-somos\/","title":{"rendered":"qui\u00e9nes somos"},"content":{"rendered":"<section class=\"l-section wpb_row height_medium color_primary with_img\"><div class=\"l-section-img\" style=\"background-image: url(https:\/\/ksourvoyages.com\/wp-content\/uploads\/2023\/03\/ouarzazate-coucher-de-soleil.jpg);background-repeat: no-repeat;\" data-img-width=\"1920\" data-img-height=\"1440\"><\/div><div class=\"l-section-overlay\" style=\"background:rgba(26,26,26,0.55)\"><\/div><div class=\"l-section-h i-cf\"><div class=\"g-cols vc_row via_flex valign_top type_default stacking_default\"><div class=\"vc_col-sm-12 wpb_column vc_column_container\"><div class=\"vc_column-inner\"><div class=\"wpb_wrapper\"><div class=\"w-separator size_large\"><\/div>[vc_custom_heading text=\u00bb\u00bfQui\u00e9nes somos?\u00bb font_container=\u00bbtag:h2|font_size:60px|text_align:center|color:%23ffffff\u00bb use_theme_fonts=\u00bbyes\u00bb css=\u00bb%7B%22default%22%3A%7B%22color%22%3A%22%23ffffff%22%2C%22font-weight%22%3A%22700%22%7D%7D\u00bb]<div class=\"w-separator size_large\"><\/div><\/div><\/div><\/div><\/div><\/div><\/section><section class=\"l-section wpb_row height_medium\" id=\"primero\"><div class=\"l-section-h i-cf\"><div class=\"g-cols vc_row via_flex valign_top type_default stacking_default\"><div class=\"vc_col-sm-8 wpb_column vc_column_container\"><div class=\"vc_column-inner\"><div class=\"wpb_wrapper\"><div class=\"g-cols wpb_row us_custom_6f4eccdb via_flex valign_top type_default stacking_default\"><div class=\"vc_col-sm-12 wpb_column vc_column_container\"><div class=\"vc_column-inner\"><div class=\"wpb_wrapper\"><div class=\"w-separator size_medium\"><\/div><div class=\"wpb_text_column us_custom_432d3f53\"><div class=\"wpb_wrapper\"><p>Ksour Voyages es una agencia de viajes autorizada y registrada en el Ministerio de Turismo de Marruecos como empresa de gesti\u00f3n de destinos y organizadora privada de viajes con oficina principal en Ouarzazate y representante permanente en las principales ciudades tur\u00edsticas de Marruecos y Denver, Colorado, con profesionales de habla inglesa, alemana, francesa y japonesa.<\/p>\n<p>Nuestros tours y excursiones por Marruecos son adecuados para parejas, amigos, peque\u00f1os grupos, viajeros independientes, viajeros solos y vacaciones familiares con ni\u00f1os Organizamos eventos de ejercicios de construcci\u00f3n de equipos para empresas locales e internacionales Especializados en tours culturales privados personalizados de Marruecos, vacaciones de lujo, viajes de senderismo, excursiones en camello y tours por el desierto del Sahara Puede comenzar sus safaris, caminatas por el desierto y excursiones desde Marrakech, Fez y Ouarzazate o cualquier otro lugar a petici\u00f3n que incluyen las Ciudades Imperiales, excursiones por el desierto, caminatas Atlas, Tours de A\u00f1o Nuevo, Sahara excursiones, Tribus Bereberes, pueblos y kasbahs, Marrakech y Ouarzazate escapadas, lunas de miel en Marruecos, excursiones en camello en Erg Chebbi o Chgaga dunas de arena y pasar la noche con una familia bereber en los pueblos de monta\u00f1a del Atlas que son desconocidos para la mayor\u00eda de los turistas. Los viajeros pueden experimentar lo m\u00e1s destacado de un viaje a Marruecos realizando uno de nuestros recorridos seleccionados, que incluye la mayor\u00eda de las atracciones a lo largo de las carreteras del pa\u00eds y en las ciudades imperiales. Los visitantes pueden acercarse a las tribus bereberes locales para experimentar y explorar su modo de vida tal y como es. El objetivo principal de nuestra empresa es organizar todo para todos los viajeros extranjeros individuales o grupos satisfacerlos y satisfacer sus necesidades.<\/p>\n<\/div><\/div><div class=\"w-separator size_medium\"><\/div><\/div><\/div><\/div><\/div><\/div><\/div><\/div><div class=\"vc_col-sm-4 wpb_column vc_column_container\"><div class=\"vc_column-inner\"><div class=\"wpb_wrapper\"><div class=\"g-cols wpb_row us_custom_20550ea5 via_flex valign_top type_default stacking_default\"><div class=\"vc_col-sm-12 wpb_column vc_column_container\"><div class=\"vc_column-inner\"><div class=\"wpb_wrapper\"><div class=\"w-image us_custom_447bff20 align_center\"><div class=\"w-image-h\"><img fetchpriority=\"high\" decoding=\"async\" width=\"520\" height=\"301\" src=\"https:\/\/ksourvoyages.com\/wp-content\/uploads\/2023\/03\/moha.png\" class=\"attachment-large size-large\" alt=\"\" srcset=\"https:\/\/ksourvoyages.com\/wp-content\/uploads\/2023\/03\/moha.png 520w, https:\/\/ksourvoyages.com\/wp-content\/uploads\/2023\/03\/moha-300x174.png 300w\" sizes=\"(max-width: 520px) 100vw, 520px\" \/><\/div><\/div><div class=\"w-separator size_small\"><\/div><div class=\"wpb_text_column us_custom_fa7be1d8\"><div class=\"wpb_wrapper\"><p><strong>MOHA TAKHCHI<\/strong><br \/>\n<span style=\"color: #999999;\"><small>PROPIETARIO OPERADOR<\/small><\/span><\/p>\n<p align=\"justify\">y &#8216;Moha TAKHCHI naci\u00f3 y se cri\u00f3 en Marruecos vivi\u00f3 en los EE.UU. durante 9 a\u00f1os como marroqu\u00ed nativo \/ ciudadano estadounidense se gradu\u00f3 de la universidad de la comunidad de Denver Colorado con Asociado en ciencias aplicadas en viajes y turismo grado certificado Agente de viajes propietario operador de viajes Ksour y empresas de transporte&#8230;<\/p>\n<\/div><\/div><div class=\"w-separator size_small\"><\/div><div class=\"w-socials us_custom_f73f4019 color_text shape_circle style_default hover_fade\" style=\"--gap:0.2em;\"><div class=\"w-socials-list\"><div class=\"w-socials-item facebook\"><a class=\"w-socials-item-link\" href=\"https:\/\/web.facebook.com\/KsourVoyagesMorocco\" target=\"_blank\" rel=\"noopener nofollow\" title=\"Facebook\" aria-label=\"Facebook\"><span class=\"w-socials-item-link-hover\"><\/span><i class=\"fab fa-facebook\"><\/i><\/a><div class=\"w-socials-item-popup\"><span>Facebook<\/span><\/div><\/div><div class=\"w-socials-item twitter\"><a class=\"w-socials-item-link\" href=\"https:\/\/twitter.com\/KsourVoyages\" target=\"_blank\" rel=\"noopener nofollow\" title=\"Twitter\" aria-label=\"Twitter\"><span class=\"w-socials-item-link-hover\"><\/span><i class=\"fab fa-twitter\"><\/i><\/a><div class=\"w-socials-item-popup\"><span>Twitter<\/span><\/div><\/div><div class=\"w-socials-item tripadvisor\"><a class=\"w-socials-item-link\" href=\"https:\/\/www.tripadvisor.com\/Attraction_Review-g304018-d2431213-Reviews-Ksour_Voyages_Day_Tours-Ouarzazate_Souss_Massa_Draa_Region.html\" target=\"_blank\" rel=\"noopener nofollow\" title=\"Tripadvisor\" aria-label=\"Tripadvisor\"><span class=\"w-socials-item-link-hover\"><\/span><i class=\"fas fa-plane\"><\/i><\/a><div class=\"w-socials-item-popup\"><span>Tripadvisor<\/span><\/div><\/div><\/div><\/div><\/div><\/div><\/div><\/div><\/div><\/div><\/div><\/div><\/div><\/section><section class=\"l-section wpb_row height_medium color_primary with_img parallax_ver\"><div class=\"l-section-img\" style=\"background-image: url(https:\/\/ksourvoyages.com\/wp-content\/uploads\/2023\/03\/TINGHIR.jpg);background-repeat: no-repeat;\" data-img-width=\"2048\" data-img-height=\"1356\"><\/div><div class=\"l-section-overlay\" style=\"background:rgba(17,3,3,0.57)\"><\/div><div class=\"l-section-h i-cf\"><div class=\"g-cols vc_row via_flex valign_top type_default stacking_default\"><div class=\"vc_col-sm-12 wpb_column vc_column_container\"><div class=\"vc_column-inner\"><div class=\"wpb_wrapper\">[vc_custom_heading text=\u00bbEl equipo\u00bb font_container=\u00bbtag:h2|text_align:center\u00bb use_theme_fonts=\u00bbyes\u00bb css=\u00bb%7B%22default%22%3A%7B%22font-weight%22%3A%22700%22%7D%7D\u00bb]<\/div><\/div><\/div><\/div><\/div><\/section><section class=\"l-section wpb_row height_medium\"><div class=\"l-section-h i-cf\"><div class=\"g-cols vc_row via_flex valign_top type_default stacking_default\"><div class=\"vc_col-sm-3 wpb_column vc_column_container\"><div class=\"vc_column-inner\"><div class=\"wpb_wrapper\"><div class=\"w-image us_custom_447bff20 align_center\"><div class=\"w-image-h\"><img decoding=\"async\" width=\"224\" height=\"332\" src=\"https:\/\/ksourvoyages.com\/wp-content\/uploads\/2023\/03\/team.jpg\" class=\"attachment-large size-large\" alt=\"\" srcset=\"https:\/\/ksourvoyages.com\/wp-content\/uploads\/2023\/03\/team.jpg 224w, https:\/\/ksourvoyages.com\/wp-content\/uploads\/2023\/03\/team-202x300.jpg 202w\" sizes=\"(max-width: 224px) 100vw, 224px\" \/><\/div><\/div><\/div><\/div><\/div><div class=\"vc_col-sm-9 wpb_column vc_column_container\"><div class=\"vc_column-inner\"><div class=\"wpb_wrapper\"><div class=\"g-cols wpb_row us_custom_6f4eccdb via_flex valign_top type_default stacking_default\"><div class=\"vc_col-sm-12 wpb_column vc_column_container\"><div class=\"vc_column-inner\"><div class=\"wpb_wrapper\"><div class=\"w-separator size_small\"><\/div><div class=\"wpb_text_column us_custom_432d3f53\"><div class=\"wpb_wrapper\"><p>Nuestro equipo de profesionales est\u00e1 all\u00ed para darle la bienvenida y rescatador Seleccione el circuito que usted Qui\u00e9n se adapte , AS necesidades y la naturaleza de su viaje.<\/p>\n<p>Nos interferons descubrir la vida cotidiana de los bereberes en su manera anecd\u00f3tica y emocionante , mientras que el env\u00edo de sus conocimientos y su cultura.<\/p>\n<p>\u00a1\u00a1\u00a1Estamos convencidos de ser Diferentes y Somos Lo que te convence es que te mereces esto ya que los hay mejores !!!<\/p>\n<\/div><\/div><div class=\"w-separator size_small\"><\/div><\/div><\/div><\/div><\/div><\/div><\/div><\/div><\/div><\/div><\/section><section class=\"l-section wpb_row height_medium color_primary with_img parallax_ver\"><div class=\"l-section-img\" style=\"background-image: url(https:\/\/ksourvoyages.com\/wp-content\/uploads\/2023\/03\/zagoura-and-draa-valley-3.jpg);background-repeat: no-repeat;\" data-img-width=\"1600\" data-img-height=\"1200\"><\/div><div class=\"l-section-overlay\" style=\"background:rgba(17,3,3,0.57)\"><\/div><div class=\"l-section-h i-cf\"><div class=\"g-cols vc_row via_flex valign_top type_default stacking_default\"><div class=\"vc_col-sm-12 wpb_column vc_column_container\"><div class=\"vc_column-inner\"><div class=\"wpb_wrapper\">[vc_custom_heading text=\u00bbNuestro objetivo principal\u00bb font_container=\u00bbtag:h2|text_align:center\u00bb use_theme_fonts=\u00bbyes\u00bb css=\u00bb%7B%22default%22%3A%7B%22font-weight%22%3A%22700%22%7D%7D\u00bb]<\/div><\/div><\/div><\/div><\/div><\/section><section class=\"l-section wpb_row height_medium\"><div class=\"l-section-h i-cf\"><div class=\"g-cols vc_row via_flex valign_top type_default stacking_default\"><div class=\"vc_col-sm-4 wpb_column vc_column_container\"><div class=\"vc_column-inner\"><div class=\"wpb_wrapper\"><div class=\"w-flipbox animation_cardflip direction_w\"><div class=\"w-flipbox-h easing_ease\" style=\"transition-duration:0.5s;\"><div class=\"w-flipbox-hh\"><div class=\"w-flipbox-front us_custom_447bff20\" style=\"background:#e8e8e8;color:#1a1a1a;\"><div class=\"w-flipbox-front-h\"><div class=\"w-flipbox-front-desc\"><p>Nuestro prop\u00f3sito es salir con los locales y forma parte de su actividad diaria<\/p>\n<\/div><\/div><\/div><div class=\"w-flipbox-back us_custom_447bff20\" style=\"display:none;background:#1a1a1a;color:#f5f5f5;\"><div class=\"w-flipbox-back-h\"><div class=\"w-flipbox-back-desc\"><p>Nuestro prop\u00f3sito es salir con los locales y forma parte de su actividad diaria<\/p>\n<\/div><\/div><\/div><\/div><\/div><\/div><\/div><\/div><\/div><div class=\"vc_col-sm-4 wpb_column vc_column_container\"><div class=\"vc_column-inner\"><div class=\"wpb_wrapper\"><div class=\"w-flipbox animation_cardflip direction_w\"><div class=\"w-flipbox-h easing_ease\" style=\"transition-duration:0.5s;\"><div class=\"w-flipbox-hh\"><div class=\"w-flipbox-front us_custom_447bff20\" style=\"background:#e8e8e8;color:#1a1a1a;\"><div class=\"w-flipbox-front-h\"><div class=\"w-flipbox-front-desc\"><p>Preveemos ofrecerle viajes asequibles sacrificando la calidad<\/p>\n<\/div><\/div><\/div><div class=\"w-flipbox-back us_custom_447bff20\" style=\"display:none;background:#1a1a1a;color:#f5f5f5;\"><div class=\"w-flipbox-back-h\"><div class=\"w-flipbox-back-desc\"><p>Preveemos ofrecerle viajes asequibles sacrificando la calidad<\/p>\n<\/div><\/div><\/div><\/div><\/div><\/div><\/div><\/div><\/div><div class=\"vc_col-sm-4 wpb_column vc_column_container\"><div class=\"vc_column-inner\"><div class=\"wpb_wrapper\"><div class=\"w-flipbox animation_cardflip direction_w\"><div class=\"w-flipbox-h easing_ease\" style=\"transition-duration:0.5s;\"><div class=\"w-flipbox-hh\"><div class=\"w-flipbox-front us_custom_447bff20\" style=\"background:#e8e8e8;color:#1a1a1a;\"><div class=\"w-flipbox-front-h\"><div class=\"w-flipbox-front-desc\"><p>Ofrecemos viajes de aventura divertidos, asequibles y sostenibles que benefician a las comunidades locales.<\/p>\n<\/div><\/div><\/div><div class=\"w-flipbox-back us_custom_447bff20\" style=\"display:none;background:#1a1a1a;color:#f5f5f5;\"><div class=\"w-flipbox-back-h\"><div class=\"w-flipbox-back-desc\"><p>Ofrecemos viajes de aventura divertidos, asequibles y sostenibles que benefician a las comunidades locales.<\/p>\n<\/div><\/div><\/div><\/div><\/div><\/div><\/div><\/div><\/div><\/div><\/div><\/section><section class=\"l-section wpb_row height_medium color_primary with_img parallax_ver\"><div class=\"l-section-img\" style=\"background-image: url(https:\/\/ksourvoyages.com\/wp-content\/uploads\/2023\/03\/blue-city-chefchaouen.jpeg);background-repeat: no-repeat;\" data-img-width=\"1920\" data-img-height=\"1245\"><\/div><div class=\"l-section-overlay\" style=\"background:rgba(17,3,3,0.57)\"><\/div><div class=\"l-section-h i-cf\"><div class=\"g-cols vc_row via_flex valign_top type_default stacking_default\"><div class=\"vc_col-sm-12 wpb_column vc_column_container\"><div class=\"vc_column-inner\"><div class=\"wpb_wrapper\">[vc_custom_heading text=\u00bbNuestros valores esenciales\u00bb font_container=\u00bbtag:h2|text_align:center\u00bb use_theme_fonts=\u00bbyes\u00bb css=\u00bb%7B%22default%22%3A%7B%22font-weight%22%3A%22700%22%7D%7D\u00bb]<\/div><\/div><\/div><\/div><\/div><\/section><section class=\"l-section wpb_row height_medium\"><div class=\"l-section-h i-cf\"><div class=\"g-cols vc_row via_flex valign_top type_default stacking_default\"><div class=\"vc_col-sm-3 wpb_column vc_column_container\"><div class=\"vc_column-inner\"><div class=\"wpb_wrapper\"><div class=\"w-flipbox animation_cardflip direction_w\"><div class=\"w-flipbox-h easing_ease\" style=\"transition-duration:0.5s;\"><div class=\"w-flipbox-hh\"><div class=\"w-flipbox-front us_custom_447bff20\" style=\"background:#e8e8e8;color:#1a1a1a;\"><div class=\"w-flipbox-front-h\"><div class=\"w-flipbox-front-icon style_default\" style=\"font-size:2rem;\"><i class=\"far fa-suitcase\"><\/i><\/div><div class=\"w-flipbox-front-desc\"><p>Somos creativos e innovadores<\/p>\n<\/div><\/div><\/div><div class=\"w-flipbox-back us_custom_447bff20\" style=\"display:none;background:#1a1a1a;color:#f5f5f5;\"><div class=\"w-flipbox-back-h\"><div class=\"w-flipbox-back-desc\"><p>Somos creativos e innovadores<\/p>\n<\/div><\/div><\/div><\/div><\/div><\/div><\/div><\/div><\/div><div class=\"vc_col-sm-3 wpb_column vc_column_container\"><div class=\"vc_column-inner\"><div class=\"wpb_wrapper\"><div class=\"w-flipbox animation_cardflip direction_w\"><div class=\"w-flipbox-h easing_ease\" style=\"transition-duration:0.5s;\"><div class=\"w-flipbox-hh\"><div class=\"w-flipbox-front us_custom_447bff20\" style=\"background:#e8e8e8;color:#1a1a1a;\"><div class=\"w-flipbox-front-h\"><div class=\"w-flipbox-front-icon style_default\" style=\"font-size:2rem;\"><i class=\"far fa-seedling\"><\/i><\/div><div class=\"w-flipbox-front-desc\"><p>Creemos en los viajes responsables<\/p>\n<\/div><\/div><\/div><div class=\"w-flipbox-back us_custom_447bff20\" style=\"display:none;background:#1a1a1a;color:#f5f5f5;\"><div class=\"w-flipbox-back-h\"><div class=\"w-flipbox-back-desc\"><p>Creemos en los viajes responsables<\/p>\n<\/div><\/div><\/div><\/div><\/div><\/div><\/div><\/div><\/div><div class=\"vc_col-sm-3 wpb_column vc_column_container\"><div class=\"vc_column-inner\"><div class=\"wpb_wrapper\"><div class=\"w-flipbox animation_cardflip direction_w\"><div class=\"w-flipbox-h easing_ease\" style=\"transition-duration:0.5s;\"><div class=\"w-flipbox-hh\"><div class=\"w-flipbox-front us_custom_447bff20\" style=\"background:#e8e8e8;color:#1a1a1a;\"><div class=\"w-flipbox-front-h\"><div class=\"w-flipbox-front-icon style_default\" style=\"font-size:2rem;\"><i class=\"far fa-child\"><\/i><\/div><div class=\"w-flipbox-front-desc\"><p>Nos apasiona lo que hacemos<\/p>\n<\/div><\/div><\/div><div class=\"w-flipbox-back us_custom_447bff20\" style=\"display:none;background:#1a1a1a;color:#f5f5f5;\"><div class=\"w-flipbox-back-h\"><div class=\"w-flipbox-back-desc\"><p>Nos apasiona lo que hacemos<\/p>\n<\/div><\/div><\/div><\/div><\/div><\/div><\/div><\/div><\/div><div class=\"vc_col-sm-3 wpb_column vc_column_container\"><div class=\"vc_column-inner\"><div class=\"wpb_wrapper\"><div class=\"w-flipbox animation_cardflip direction_w\"><div class=\"w-flipbox-h easing_ease\" style=\"transition-duration:0.5s;\"><div class=\"w-flipbox-hh\"><div class=\"w-flipbox-front us_custom_447bff20\" style=\"background:#e8e8e8;color:#1a1a1a;\"><div class=\"w-flipbox-front-h\"><div class=\"w-flipbox-front-icon style_default\" style=\"font-size:2rem;\"><i class=\"far fa-laugh-beam\"><\/i><\/div><div class=\"w-flipbox-front-desc\"><p>Nos divertimos<\/p>\n<\/div><\/div><\/div><div class=\"w-flipbox-back us_custom_447bff20\" style=\"display:none;background:#1a1a1a;color:#f5f5f5;\"><div class=\"w-flipbox-back-h\"><div class=\"w-flipbox-back-desc\"><p>Nos divertimos<\/p>\n<\/div><\/div><\/div><\/div><\/div><\/div><\/div><\/div><\/div><\/div><\/div><\/section>\n","protected":false},"excerpt":{"rendered":"[vc_custom_heading text=\"\u00bfQui\u00e9nes somos?\" font_container=\"tag:h2|font_size:60px|text_align:center|color:%23ffffff\" use_theme_fonts=\"yes\" css=\"%7B%22default%22%3A%7B%22color%22%3A%22%23ffffff%22%2C%22font-weight%22%3A%22700%22%7D%7D\"]Ksour Voyages es una agencia de viajes autorizada y registrada en el Ministerio de Turismo de Marruecos como empresa de gesti\u00f3n de destinos y organizadora privada de viajes con oficina principal en Ouarzazate y representante permanente en las principales ciudades tur\u00edsticas de Marruecos y Denver, Colorado, con profesionales de habla...","protected":false},"author":1,"featured_media":0,"parent":0,"menu_order":0,"comment_status":"closed","ping_status":"closed","template":"","meta":{"footnotes":""},"class_list":["post-605","page","type-page","status-publish","hentry"],"acf":[],"_links":{"self":[{"href":"https:\/\/ksourvoyages.com\/es\/wp-json\/wp\/v2\/pages\/605","targetHints":{"allow":["GET"]}}],"collection":[{"href":"https:\/\/ksourvoyages.com\/es\/wp-json\/wp\/v2\/pages"}],"about":[{"href":"https:\/\/ksourvoyages.com\/es\/wp-json\/wp\/v2\/types\/page"}],"author":[{"embeddable":true,"href":"https:\/\/ksourvoyages.com\/es\/wp-json\/wp\/v2\/users\/1"}],"replies":[{"embeddable":true,"href":"https:\/\/ksourvoyages.com\/es\/wp-json\/wp\/v2\/comments?post=605"}],"version-history":[{"count":0,"href":"https:\/\/ksourvoyages.com\/es\/wp-json\/wp\/v2\/pages\/605\/revisions"}],"wp:attachment":[{"href":"https:\/\/ksourvoyages.com\/es\/wp-json\/wp\/v2\/media?parent=605"}],"curies":[{"name":"wp","href":"https:\/\/api.w.org\/{rel}","templated":true}]}}