{"id":595,"date":"2023-03-24T10:35:29","date_gmt":"2023-03-24T10:35:29","guid":{"rendered":"https:\/qui-sommes-nous\/"},"modified":"2023-06-02T15:06:45","modified_gmt":"2023-06-02T15:06:45","slug":"qui-sommes-nous","status":"publish","type":"page","link":"https:\/\/ksourvoyages.com\/fr\/qui-sommes-nous\/","title":{"rendered":"qui sommes-nous ?"},"content":{"rendered":"<section class=\"l-section wpb_row height_medium color_primary with_img\"><div class=\"l-section-img\" style=\"background-image: url(https:\/\/ksourvoyages.com\/wp-content\/uploads\/2023\/03\/ouarzazate-coucher-de-soleil.jpg);background-repeat: no-repeat;\" data-img-width=\"1920\" data-img-height=\"1440\"><\/div><div class=\"l-section-overlay\" style=\"background:rgba(26,26,26,0.55)\"><\/div><div class=\"l-section-h i-cf\"><div class=\"g-cols vc_row via_flex valign_top type_default stacking_default\"><div class=\"vc_col-sm-12 wpb_column vc_column_container\"><div class=\"vc_column-inner\"><div class=\"wpb_wrapper\"><div class=\"w-separator size_large\"><\/div>[vc_custom_heading text=\u00a0\u00bbQui sommes-nous ?\u00a0\u00bb font_container=\u00a0\u00bbtag:h2|font_size:60px|text_align:center|color:%23ffffff\u00a0\u00bb use_theme_fonts=\u00a0\u00bbyes\u00a0\u00bb css=\u00a0\u00bb%7B%22default%22%3A%7B%22color%22%3A%22%23ffffff%22%2C%22font-weight%22%3A%22700%22%7D%7D\u00a0\u00bb]<div class=\"w-separator size_large\"><\/div><\/div><\/div><\/div><\/div><\/div><\/section><section class=\"l-section wpb_row height_medium\" id=\"d&#039;abord\"><div class=\"l-section-h i-cf\"><div class=\"g-cols vc_row via_flex valign_top type_default stacking_default\"><div class=\"vc_col-sm-8 wpb_column vc_column_container\"><div class=\"vc_column-inner\"><div class=\"wpb_wrapper\"><div class=\"g-cols wpb_row us_custom_6f4eccdb via_flex valign_top type_default stacking_default\"><div class=\"vc_col-sm-12 wpb_column vc_column_container\"><div class=\"vc_column-inner\"><div class=\"wpb_wrapper\"><div class=\"w-separator size_medium\"><\/div><div class=\"wpb_text_column us_custom_432d3f53\"><div class=\"wpb_wrapper\"><p>Ksour Voyages est une agence de voyage agr\u00e9\u00e9e par le minist\u00e8re marocain du Tourisme en tant que soci\u00e9t\u00e9 de gestion de destinations et organisateur priv\u00e9 de voyages. Son bureau principal se trouve \u00e0 Ouarzazate et elle dispose d&rsquo;une repr\u00e9sentation permanente dans toutes les principales villes touristiques du Maroc et de Denver Colorado, avec des professionnels parlant l&rsquo;anglais, l&rsquo;allemand, le fran\u00e7ais et le japonais.<\/p>\n<p>Nos circuits et excursions au Maroc conviennent aux couples, aux amis, aux petits groupes, aux voyageurs ind\u00e9pendants, aux voyageurs en solo et aux vacances en famille avec des enfants. Nous organisons des \u00e9v\u00e9nements de renforcement de l&rsquo;esprit d&rsquo;\u00e9quipe pour des entreprises locales et internationales. Sp\u00e9cialis\u00e9 dans les circuits culturels priv\u00e9s personnalis\u00e9s au Maroc, les vacances de luxe, les randonn\u00e9es, les treks \u00e0 dos de chameau, les circuits dans le d\u00e9sert du Sahara. Vous pouvez commencer vos safaris, randonn\u00e9es dans le d\u00e9sert et circuits \u00e0 partir de Marrakech, F\u00e8s et Ouarzazate ou ailleurs sur demande, qui incluent les villes imp\u00e9riales, les circuits dans le d\u00e9sert, les randonn\u00e9es dans l&rsquo;Atlas, les circuits du Nouvel An, les excursions au Sahara, les tribus berb\u00e8res, les villages et les kasbahs, les courts s\u00e9jours \u00e0 Marrakech et Ouarzazate, les lunes de miel au Maroc, les randonn\u00e9es \u00e0 dos de chameau dans les dunes de sable de l&rsquo;Erg Chebbi ou de Chgaga et les nuit\u00e9es dans une famille berb\u00e8re dans les villages de montagne de l&rsquo;Atlas inconnus de la plupart des touristes. Les voyageurs peuvent d\u00e9couvrir les points forts d&rsquo;un voyage au Maroc en suivant l&rsquo;un de nos circuits s\u00e9lectionn\u00e9s, qui comprend la plupart des attractions le long des routes du pays et dans les villes imp\u00e9riales. Les visiteurs peuvent s&rsquo;arr\u00eater aupr\u00e8s des tribus berb\u00e8res locales afin de d\u00e9couvrir et d&rsquo;exp\u00e9rimenter leur mode de vie tel qu&rsquo;il est. L&rsquo;objectif premier de notre entreprise est de tout organiser pour tous les voyageurs \u00e9trangers, individuels ou en groupe, afin de les satisfaire et de r\u00e9pondre \u00e0 leurs besoins.<\/p>\n<\/div><\/div><div class=\"w-separator size_medium\"><\/div><\/div><\/div><\/div><\/div><\/div><\/div><\/div><div class=\"vc_col-sm-4 wpb_column vc_column_container\"><div class=\"vc_column-inner\"><div class=\"wpb_wrapper\"><div class=\"g-cols wpb_row us_custom_20550ea5 via_flex valign_top type_default stacking_default\"><div class=\"vc_col-sm-12 wpb_column vc_column_container\"><div class=\"vc_column-inner\"><div class=\"wpb_wrapper\"><div class=\"w-image us_custom_447bff20 align_center\"><div class=\"w-image-h\"><img fetchpriority=\"high\" decoding=\"async\" width=\"520\" height=\"301\" src=\"https:\/\/ksourvoyages.com\/wp-content\/uploads\/2023\/03\/moha.png\" class=\"attachment-large size-large\" alt=\"\" srcset=\"https:\/\/ksourvoyages.com\/wp-content\/uploads\/2023\/03\/moha.png 520w, https:\/\/ksourvoyages.com\/wp-content\/uploads\/2023\/03\/moha-300x174.png 300w\" sizes=\"(max-width: 520px) 100vw, 520px\" \/><\/div><\/div><div class=\"w-separator size_small\"><\/div><div class=\"wpb_text_column us_custom_fa7be1d8\"><div class=\"wpb_wrapper\"><p><strong>MOHA TAKHCHI<\/strong><br \/>\n<span style=\"color: #999999;\"><small>PROPRI\u00c9TAIRE OP\u00c9RATEUR<\/small><\/span><\/p>\n<p align=\"justify\">Je suis Moha TAKHCHI, n\u00e9 et j&rsquo;ai grandi au Maroc. J&rsquo;ai v\u00e9cu 9 ans aux Etats-Unis en tant que marocain\/citoyen am\u00e9ricain. Je suis dipl\u00f4m\u00e9 du Community College de Denver Colorado avec un dipl\u00f4me d&rsquo;Associate of applied science in travel &amp; tourism.<\/p>\n<\/div><\/div><div class=\"w-separator size_small\"><\/div><div class=\"w-socials us_custom_f73f4019 color_text shape_circle style_default hover_fade\" style=\"--gap:0.2em;\"><div class=\"w-socials-list\"><div class=\"w-socials-item facebook\"><a class=\"w-socials-item-link\" href=\"https:\/\/web.facebook.com\/KsourVoyagesMorocco\" target=\"_blank\" rel=\"noopener nofollow\" title=\"Facebook\" aria-label=\"Facebook\"><span class=\"w-socials-item-link-hover\"><\/span><i class=\"fab fa-facebook\"><\/i><\/a><div class=\"w-socials-item-popup\"><span>Facebook<\/span><\/div><\/div><div class=\"w-socials-item twitter\"><a class=\"w-socials-item-link\" href=\"https:\/\/twitter.com\/KsourVoyages\" target=\"_blank\" rel=\"noopener nofollow\" title=\"Twitter\" aria-label=\"Twitter\"><span class=\"w-socials-item-link-hover\"><\/span><i class=\"fab fa-twitter\"><\/i><\/a><div class=\"w-socials-item-popup\"><span>Twitter<\/span><\/div><\/div><div class=\"w-socials-item tripadvisor\"><a class=\"w-socials-item-link\" href=\"https:\/\/www.tripadvisor.com\/Attraction_Review-g304018-d2431213-Reviews-Ksour_Voyages_Day_Tours-Ouarzazate_Souss_Massa_Draa_Region.html\" target=\"_blank\" rel=\"noopener nofollow\" title=\"Tripadvisor\" aria-label=\"Tripadvisor\"><span class=\"w-socials-item-link-hover\"><\/span><i class=\"fas fa-plane\"><\/i><\/a><div class=\"w-socials-item-popup\"><span>Tripadvisor<\/span><\/div><\/div><\/div><\/div><\/div><\/div><\/div><\/div><\/div><\/div><\/div><\/div><\/div><\/section><section class=\"l-section wpb_row height_medium color_primary with_img parallax_ver\"><div class=\"l-section-img\" style=\"background-image: url(https:\/\/ksourvoyages.com\/wp-content\/uploads\/2023\/03\/TINGHIR.jpg);background-repeat: no-repeat;\" data-img-width=\"2048\" data-img-height=\"1356\"><\/div><div class=\"l-section-overlay\" style=\"background:rgba(17,3,3,0.57)\"><\/div><div class=\"l-section-h i-cf\"><div class=\"g-cols vc_row via_flex valign_top type_default stacking_default\"><div class=\"vc_col-sm-12 wpb_column vc_column_container\"><div class=\"vc_column-inner\"><div class=\"wpb_wrapper\">[vc_custom_heading text=\u00a0\u00bbNotre \u00e9quipe\u00a0\u00bb font_container=\u00a0\u00bbtag:h2|text_align:center\u00a0\u00bb use_theme_fonts=\u00a0\u00bbyes\u00a0\u00bb css=\u00a0\u00bb%7B%22default%22%3A%7B%22font-weight%22%3A%22700%22%7D%7D\u00a0\u00bb]<\/div><\/div><\/div><\/div><\/div><\/section><section class=\"l-section wpb_row height_medium\"><div class=\"l-section-h i-cf\"><div class=\"g-cols vc_row via_flex valign_top type_default stacking_default\"><div class=\"vc_col-sm-3 wpb_column vc_column_container\"><div class=\"vc_column-inner\"><div class=\"wpb_wrapper\"><div class=\"w-image us_custom_447bff20 align_center\"><div class=\"w-image-h\"><img decoding=\"async\" width=\"224\" height=\"332\" src=\"https:\/\/ksourvoyages.com\/wp-content\/uploads\/2023\/03\/team.jpg\" class=\"attachment-large size-large\" alt=\"\" srcset=\"https:\/\/ksourvoyages.com\/wp-content\/uploads\/2023\/03\/team.jpg 224w, https:\/\/ksourvoyages.com\/wp-content\/uploads\/2023\/03\/team-202x300.jpg 202w\" sizes=\"(max-width: 224px) 100vw, 224px\" \/><\/div><\/div><\/div><\/div><\/div><div class=\"vc_col-sm-9 wpb_column vc_column_container\"><div class=\"vc_column-inner\"><div class=\"wpb_wrapper\"><div class=\"g-cols wpb_row us_custom_6f4eccdb via_flex valign_top type_default stacking_default\"><div class=\"vc_col-sm-12 wpb_column vc_column_container\"><div class=\"vc_column-inner\"><div class=\"wpb_wrapper\"><div class=\"w-separator size_small\"><\/div><div class=\"wpb_text_column us_custom_432d3f53\"><div class=\"wpb_wrapper\"><p>Notre \u00e9quipe de professionnels est l\u00e0 pour vous accueillir et vous secourir S\u00e9lectionnez le circuit qui vous convient, selon vos besoins et la nature de votre voyage.<\/p>\n<p>Nous interf\u00e9rons pour d\u00e9couvrir la vie quotidienne des Berb\u00e8res \u00e0 leur mani\u00e8re, anecdotique et passionnante, tout en vous transmettant leur savoir et leur culture.<\/p>\n<p>Sommes-nous convaincus que nous sommes diff\u00e9rents et qu&rsquo;est-ce qui vous convainc que nous m\u00e9ritons cela alors qu&rsquo;il y a de meilleures options ?<\/p>\n<\/div><\/div><div class=\"w-separator size_small\"><\/div><\/div><\/div><\/div><\/div><\/div><\/div><\/div><\/div><\/div><\/section><section class=\"l-section wpb_row height_medium color_primary with_img parallax_ver\"><div class=\"l-section-img\" style=\"background-image: url(https:\/\/ksourvoyages.com\/wp-content\/uploads\/2023\/03\/zagoura-and-draa-valley-3.jpg);background-repeat: no-repeat;\" data-img-width=\"1600\" data-img-height=\"1200\"><\/div><div class=\"l-section-overlay\" style=\"background:rgba(17,3,3,0.57)\"><\/div><div class=\"l-section-h i-cf\"><div class=\"g-cols vc_row via_flex valign_top type_default stacking_default\"><div class=\"vc_col-sm-12 wpb_column vc_column_container\"><div class=\"vc_column-inner\"><div class=\"wpb_wrapper\">[vc_custom_heading text=\u00a0\u00bbNotre objectif principal\u00a0\u00bb font_container=\u00a0\u00bbtag:h2|text_align:center\u00a0\u00bb use_theme_fonts=\u00a0\u00bbyes\u00a0\u00bb css=\u00a0\u00bb%7B%22default%22%3A%7B%22font-weight%22%3A%22700%22%7D%7D\u00a0\u00bb]<\/div><\/div><\/div><\/div><\/div><\/section><section class=\"l-section wpb_row height_medium\"><div class=\"l-section-h i-cf\"><div class=\"g-cols vc_row via_flex valign_top type_default stacking_default\"><div class=\"vc_col-sm-4 wpb_column vc_column_container\"><div class=\"vc_column-inner\"><div class=\"wpb_wrapper\"><div class=\"w-flipbox animation_cardflip direction_w\"><div class=\"w-flipbox-h easing_ease\" style=\"transition-duration:0.5s;\"><div class=\"w-flipbox-hh\"><div class=\"w-flipbox-front us_custom_447bff20\" style=\"background:#e8e8e8;color:#1a1a1a;\"><div class=\"w-flipbox-front-h\"><div class=\"w-flipbox-front-desc\"><p>Notre objectif est de partir avec les populations locales et de faire partie de leurs activit\u00e9s quotidiennes.<\/p>\n<\/div><\/div><\/div><div class=\"w-flipbox-back us_custom_447bff20\" style=\"display:none;background:#1a1a1a;color:#f5f5f5;\"><div class=\"w-flipbox-back-h\"><div class=\"w-flipbox-back-desc\"><p>Notre objectif est de partir avec les populations locales et de faire partie de leurs activit\u00e9s quotidiennes.<\/p>\n<\/div><\/div><\/div><\/div><\/div><\/div><\/div><\/div><\/div><div class=\"vc_col-sm-4 wpb_column vc_column_container\"><div class=\"vc_column-inner\"><div class=\"wpb_wrapper\"><div class=\"w-flipbox animation_cardflip direction_w\"><div class=\"w-flipbox-h easing_ease\" style=\"transition-duration:0.5s;\"><div class=\"w-flipbox-hh\"><div class=\"w-flipbox-front us_custom_447bff20\" style=\"background:#e8e8e8;color:#1a1a1a;\"><div class=\"w-flipbox-front-h\"><div class=\"w-flipbox-front-desc\"><p>Nous nous effor\u00e7ons de vous offrir des sacrifices de qualit\u00e9 \u00e0 des prix abordables.<\/p>\n<\/div><\/div><\/div><div class=\"w-flipbox-back us_custom_447bff20\" style=\"display:none;background:#1a1a1a;color:#f5f5f5;\"><div class=\"w-flipbox-back-h\"><div class=\"w-flipbox-back-desc\"><p>Nous nous effor\u00e7ons de vous offrir des sacrifices de qualit\u00e9 \u00e0 des prix abordables.<\/p>\n<\/div><\/div><\/div><\/div><\/div><\/div><\/div><\/div><\/div><div class=\"vc_col-sm-4 wpb_column vc_column_container\"><div class=\"vc_column-inner\"><div class=\"wpb_wrapper\"><div class=\"w-flipbox animation_cardflip direction_w\"><div class=\"w-flipbox-h easing_ease\" style=\"transition-duration:0.5s;\"><div class=\"w-flipbox-hh\"><div class=\"w-flipbox-front us_custom_447bff20\" style=\"background:#e8e8e8;color:#1a1a1a;\"><div class=\"w-flipbox-front-h\"><div class=\"w-flipbox-front-desc\"><p>Nous proposons des aventures touristiques amusantes, abordables et durables qui profitent aux communaut\u00e9s locales.<\/p>\n<\/div><\/div><\/div><div class=\"w-flipbox-back us_custom_447bff20\" style=\"display:none;background:#1a1a1a;color:#f5f5f5;\"><div class=\"w-flipbox-back-h\"><div class=\"w-flipbox-back-desc\"><p>Nous proposons des aventures touristiques amusantes, abordables et durables qui profitent aux communaut\u00e9s locales.<\/p>\n<\/div><\/div><\/div><\/div><\/div><\/div><\/div><\/div><\/div><\/div><\/div><\/section><section class=\"l-section wpb_row height_medium color_primary with_img parallax_ver\"><div class=\"l-section-img\" style=\"background-image: url(https:\/\/ksourvoyages.com\/wp-content\/uploads\/2023\/03\/blue-city-chefchaouen.jpeg);background-repeat: no-repeat;\" data-img-width=\"1920\" data-img-height=\"1245\"><\/div><div class=\"l-section-overlay\" style=\"background:rgba(17,3,3,0.57)\"><\/div><div class=\"l-section-h i-cf\"><div class=\"g-cols vc_row via_flex valign_top type_default stacking_default\"><div class=\"vc_col-sm-12 wpb_column vc_column_container\"><div class=\"vc_column-inner\"><div class=\"wpb_wrapper\">[vc_custom_heading text=\u00a0\u00bbNos valeurs fondamentales\u00a0\u00bb font_container=\u00a0\u00bbtag:h2|text_align:center\u00a0\u00bb use_theme_fonts=\u00a0\u00bbyes\u00a0\u00bb css=\u00a0\u00bb%7B%22default%22%3A%7B%22font-weight%22%3A%22700%22%7D%7D\u00a0\u00bb]<\/div><\/div><\/div><\/div><\/div><\/section><section class=\"l-section wpb_row height_medium\"><div class=\"l-section-h i-cf\"><div class=\"g-cols vc_row via_flex valign_top type_default stacking_default\"><div class=\"vc_col-sm-3 wpb_column vc_column_container\"><div class=\"vc_column-inner\"><div class=\"wpb_wrapper\"><div class=\"w-flipbox animation_cardflip direction_w\"><div class=\"w-flipbox-h easing_ease\" style=\"transition-duration:0.5s;\"><div class=\"w-flipbox-hh\"><div class=\"w-flipbox-front us_custom_447bff20\" style=\"background:#e8e8e8;color:#1a1a1a;\"><div class=\"w-flipbox-front-h\"><div class=\"w-flipbox-front-icon style_default\" style=\"font-size:2rem;\"><i class=\"far fa-suitcase\"><\/i><\/div><div class=\"w-flipbox-front-desc\"><p>Nous sommes cr\u00e9atifs et innovants<\/p>\n<\/div><\/div><\/div><div class=\"w-flipbox-back us_custom_447bff20\" style=\"display:none;background:#1a1a1a;color:#f5f5f5;\"><div class=\"w-flipbox-back-h\"><div class=\"w-flipbox-back-desc\"><p>Nous sommes cr\u00e9atifs et innovants<\/p>\n<\/div><\/div><\/div><\/div><\/div><\/div><\/div><\/div><\/div><div class=\"vc_col-sm-3 wpb_column vc_column_container\"><div class=\"vc_column-inner\"><div class=\"wpb_wrapper\"><div class=\"w-flipbox animation_cardflip direction_w\"><div class=\"w-flipbox-h easing_ease\" style=\"transition-duration:0.5s;\"><div class=\"w-flipbox-hh\"><div class=\"w-flipbox-front us_custom_447bff20\" style=\"background:#e8e8e8;color:#1a1a1a;\"><div class=\"w-flipbox-front-h\"><div class=\"w-flipbox-front-icon style_default\" style=\"font-size:2rem;\"><i class=\"far fa-seedling\"><\/i><\/div><div class=\"w-flipbox-front-desc\"><p>Nous croyons au voyage responsable<\/p>\n<\/div><\/div><\/div><div class=\"w-flipbox-back us_custom_447bff20\" style=\"display:none;background:#1a1a1a;color:#f5f5f5;\"><div class=\"w-flipbox-back-h\"><div class=\"w-flipbox-back-desc\"><p>Nous croyons au voyage responsable<\/p>\n<\/div><\/div><\/div><\/div><\/div><\/div><\/div><\/div><\/div><div class=\"vc_col-sm-3 wpb_column vc_column_container\"><div class=\"vc_column-inner\"><div class=\"wpb_wrapper\"><div class=\"w-flipbox animation_cardflip direction_w\"><div class=\"w-flipbox-h easing_ease\" style=\"transition-duration:0.5s;\"><div class=\"w-flipbox-hh\"><div class=\"w-flipbox-front us_custom_447bff20\" style=\"background:#e8e8e8;color:#1a1a1a;\"><div class=\"w-flipbox-front-h\"><div class=\"w-flipbox-front-icon style_default\" style=\"font-size:2rem;\"><i class=\"far fa-child\"><\/i><\/div><div class=\"w-flipbox-front-desc\"><p>Nous sommes passionn\u00e9s par notre travail<\/p>\n<\/div><\/div><\/div><div class=\"w-flipbox-back us_custom_447bff20\" style=\"display:none;background:#1a1a1a;color:#f5f5f5;\"><div class=\"w-flipbox-back-h\"><div class=\"w-flipbox-back-desc\"><p>Nous sommes passionn\u00e9s par notre travail<\/p>\n<\/div><\/div><\/div><\/div><\/div><\/div><\/div><\/div><\/div><div class=\"vc_col-sm-3 wpb_column vc_column_container\"><div class=\"vc_column-inner\"><div class=\"wpb_wrapper\"><div class=\"w-flipbox animation_cardflip direction_w\"><div class=\"w-flipbox-h easing_ease\" style=\"transition-duration:0.5s;\"><div class=\"w-flipbox-hh\"><div class=\"w-flipbox-front us_custom_447bff20\" style=\"background:#e8e8e8;color:#1a1a1a;\"><div class=\"w-flipbox-front-h\"><div class=\"w-flipbox-front-icon style_default\" style=\"font-size:2rem;\"><i class=\"far fa-laugh-beam\"><\/i><\/div><div class=\"w-flipbox-front-desc\"><p>On s'amuse<\/p>\n<\/div><\/div><\/div><div class=\"w-flipbox-back us_custom_447bff20\" style=\"display:none;background:#1a1a1a;color:#f5f5f5;\"><div class=\"w-flipbox-back-h\"><div class=\"w-flipbox-back-desc\"><p>On s'amuse<\/p>\n<\/div><\/div><\/div><\/div><\/div><\/div><\/div><\/div><\/div><\/div><\/div><\/section>\n","protected":false},"excerpt":{"rendered":"[vc_custom_heading text=\"Qui sommes-nous ?\" font_container=\"tag:h2|font_size:60px|text_align:center|color:%23ffffff\" use_theme_fonts=\"yes\" css=\"%7B%22default%22%3A%7B%22color%22%3A%22%23ffffff%22%2C%22font-weight%22%3A%22700%22%7D%7D\"]Ksour Voyages est une agence de voyage agr\u00e9\u00e9e par le minist\u00e8re marocain du Tourisme en tant que soci\u00e9t\u00e9 de gestion de destinations et organisateur priv\u00e9 de voyages. Son bureau principal se trouve \u00e0 Ouarzazate et elle dispose d&rsquo;une repr\u00e9sentation permanente dans toutes les principales villes touristiques du Maroc et...","protected":false},"author":1,"featured_media":0,"parent":0,"menu_order":0,"comment_status":"closed","ping_status":"closed","template":"","meta":{"footnotes":""},"class_list":["post-595","page","type-page","status-publish","hentry"],"acf":[],"_links":{"self":[{"href":"https:\/\/ksourvoyages.com\/fr\/wp-json\/wp\/v2\/pages\/595","targetHints":{"allow":["GET"]}}],"collection":[{"href":"https:\/\/ksourvoyages.com\/fr\/wp-json\/wp\/v2\/pages"}],"about":[{"href":"https:\/\/ksourvoyages.com\/fr\/wp-json\/wp\/v2\/types\/page"}],"author":[{"embeddable":true,"href":"https:\/\/ksourvoyages.com\/fr\/wp-json\/wp\/v2\/users\/1"}],"replies":[{"embeddable":true,"href":"https:\/\/ksourvoyages.com\/fr\/wp-json\/wp\/v2\/comments?post=595"}],"version-history":[{"count":0,"href":"https:\/\/ksourvoyages.com\/fr\/wp-json\/wp\/v2\/pages\/595\/revisions"}],"wp:attachment":[{"href":"https:\/\/ksourvoyages.com\/fr\/wp-json\/wp\/v2\/media?parent=595"}],"curies":[{"name":"wp","href":"https:\/\/api.w.org\/{rel}","templated":true}]}}